{"id":386,"date":"2015-10-19T10:21:59","date_gmt":"2015-10-19T08:21:59","guid":{"rendered":"https:\/\/roomsafari.de\/test\/?page_id=386"},"modified":"2025-10-01T09:10:06","modified_gmt":"2025-10-01T07:10:06","slug":"datenschutzbelehrung","status":"publish","type":"page","link":"https:\/\/roomsafari.de\/shop\/datenschutzbelehrung\/","title":{"rendered":"Datenschutzerkl\u00e4rung"},"content":{"rendered":"<div class=\"wpb-content-wrapper\"><p>[vc_row css=&#8220;.vc_custom_1573894513782{background-color: #f2efea !important;}&#8220;][vc_column][vc_empty_space height=&#8220;92px&#8220;][vc_column_text css=&#8220;&#8220;]<\/p>\n<p class=\"p1\" style=\"text-align: left;\"><span style=\"color: #707070;\"><b>Datenschutzerkl\u00e4rung\u00a0\u00a0<\/b><\/span><\/p>\n<p class=\"p1\" style=\"text-align: left;\"><span style=\"color: #707070;\">Soweit nachstehend keine anderen Angaben gemacht werden, ist die Bereitstellung Ihrer personenbezogenen Daten weder gesetzlich oder vertraglich vorgeschrieben, noch f\u00fcr einen Vertragsabschluss erforderlich. Sie sind zur Bereitstellung der Daten nicht verpflichtet. Eine Nichtbereitstellung hat keine Folgen. Dies gilt nur soweit bei den nachfolgenden Verarbeitungsvorg\u00e4ngen keine anderweitige Angabe gemacht wird.\u00a0\u201ePersonenbezogene Daten\u201c sind alle Informationen, die sich auf eine identifizierte oder identifizierbare nat\u00fcrliche Person beziehen.<\/span><\/p>\n<p class=\"p1\" style=\"text-align: left;\"><span style=\"color: #707070;\"><b>Server-Logfiles\u00a0<\/b><\/span><\/p>\n<p class=\"p1\" style=\"text-align: left;\"><span style=\"color: #707070;\">Sie k\u00f6nnen unsere Webseiten besuchen, ohne Angaben zu Ihrer Person zu machen. Es werden bei jedem Zugriff auf unsere Website Nutzungsdaten durch Ihren Internetbrowser \u00fcbermittelt und in Protokolldaten (Server-Logfiles) gespeichert. Zu diesen gespeicherten Daten geh\u00f6ren z.B. Name der aufgerufenen Seite, Datum und Uhrzeit des Abrufs, \u00fcbertragene Datenmenge und der anfragende Provider. Diese Daten dienen ausschlie\u00dflich der Gew\u00e4hrleistung eines st\u00f6rungsfreien Betriebs unserer Website und zur Verbesserung unseres Angebotes. Eine Zuordnung dieser Daten zu einer bestimmten Person ist nicht m\u00f6glich.<\/span><\/p>\n<p class=\"p2\" style=\"text-align: left;\"><span style=\"color: #707070;\"><b>Kontaktformular<\/b><\/span><\/p>\n<p class=\"p2\" style=\"text-align: left;\"><span style=\"color: #707070;\">Wenn Sie uns per Kontaktformular oder E-mail Anfragen zukommen lassen, werden Ihre Angaben inklusive der von Ihnen dort angegebenen Kontaktdaten zwecks Bearbeitung der Anfrage und f\u00fcr den Fall von Anschlussfragen bei uns gespeichert. Diese Daten geben wir nicht ohne Ihre Einwilligung weiter.<\/span><\/p>\n<p class=\"p2\" style=\"text-align: left;\"><span style=\"color: #707070;\"><b>Newsletterdaten<\/b><\/span><\/p>\n<p class=\"p2\" style=\"text-align: left;\"><span style=\"color: #707070;\">F\u00fcr den Versand unserer Newsletter nutzen wir den DSGVO-konformen Newsletter IG Express und das rechtlich verbindliche Double Opt-In Verfahren. Mit Ihrer Anmeldung stimmen Sie unseren Datenschutzbestimmungen zu.<\/span><\/p>\n<p class=\"p2\" style=\"text-align: left;\"><span style=\"color: #707070;\">Wenn Sie auf der Webseite angebotene Newsletter beziehen m\u00f6chten, ben\u00f6tigen wir von Ihnen eine E-Mail-Adresse und Ihren Namen. Weitere Daten werden nicht erhoben.\u00a0<\/span><\/p>\n<p class=\"p2\" style=\"text-align: left;\"><span style=\"color: #707070;\">Die erteilte Einwilligung zur Speicherung der Daten, der E-Mail-Adresse sowie deren Nutzung zum Versand von Newslettern k\u00f6nnen Sie jederzeit widerrufen, etwa \u00fcber den \u201eNewsletter k\u00fcndigen\u201c-Link im Newsletter.<\/span><\/p>\n<p class=\"p1\" style=\"text-align: left;\"><span style=\"color: #707070;\"><b>Cookies\u00a0\u00a0<\/b><\/span><\/p>\n<p class=\"p1\" style=\"text-align: left;\"><span style=\"color: #707070;\">Unsere Website verwendet Cookies. Cookies sind kleine Textdateien, die im Internetbrowser bzw. vom Internetbrowser auf dem Computersystem eines Nutzers gespeichert werden. Ruft ein Nutzer eine Website auf, so kann ein Cookie auf dem Betriebssystem des Nutzers gespeichert werden. Dieser Cookie enth\u00e4lt eine charakteristische Zeichenfolge, die eine eindeutige Identifizierung des Browsers beim erneuten Aufrufen der Website erm\u00f6glicht. Wir setzen Cookies zu dem Zweck ein, unser Angebot nutzerfreundlicher, effektiver und sicherer zu machen. Des Weiteren erm\u00f6glichen Cookies unseren Systemen, Ihren Browser auch nach einem Seitenwechsel zu erkennen und Ihnen Services anzubieten. Einige Funktionen unserer Internetseite k\u00f6nnen ohne den Einsatz von Cookies nicht angeboten werden. F\u00fcr diese ist es erforderlich, dass der Browser auch nach einem Seitenwechsel wiedererkannt wird.<\/span><\/p>\n<p class=\"p1\" style=\"text-align: left;\"><span style=\"color: #707070;\">Die Verarbeitung erfolgt auf Grundlage des \u00a7 15 (3) TMG sowie Art. 6 (1) lit. f DSGVO aus dem berechtigten Interesse an den oben genannten Zwecken.\u00a0Die auf diese Weise von Ihnen erhobenen Daten werden durch technische Vorkehrungen pseudonymisiert. Eine Zuordnung der Daten zu Ihrer Person ist daher nicht mehr m\u00f6glich. Die Daten werden nicht gemeinsam mit sonstigen personenbezogenen Daten von Ihnen gespeichert.<\/span><\/p>\n<p class=\"p1\" style=\"text-align: left;\"><span style=\"color: #707070;\">Sie haben das Recht aus Gr\u00fcnden, die sich aus Ihrer besonderen Situation ergeben, jederzeit dieser auf Art. 6 (1) f DSGVO beruhenden Verarbeitung Sie betreffender personenbezogener Daten zu widersprechen.<\/span><\/p>\n<p class=\"p1\" style=\"text-align: left;\"><span style=\"color: #707070;\">Cookies werden auf Ihrem Rechner gespeichert. Daher haben Sie die volle Kontrolle \u00fcber die Verwendung von Cookies. Durch die Auswahl entsprechender technischer Einstellungen in Ihrem Internetbrowser k\u00f6nnen Sie die Speicherung der Cookies und \u00dcbermittlung der enthaltenen Daten verhindern. Bereits gespeicherte Cookies k\u00f6nnen jederzeit gel\u00f6scht werden. Wir weisen Sie jedoch darauf hin, dass Sie dann gegebenenfalls nicht s\u00e4mtliche Funktionen dieser Website vollumf\u00e4nglich werden nutzen k\u00f6nnen.<\/span><\/p>\n<p class=\"p1\" style=\"text-align: left;\"><span style=\"color: #707070;\">Unter den nachstehenden Links k\u00f6nnen Sie sich informieren, wie Sie die Cookies bei den wichtigsten Browsern verwalten (u.a. auch deaktivieren) k\u00f6nnen:<\/span><\/p>\n<p class=\"p3\" style=\"text-align: left;\"><span class=\"s2\" style=\"color: #707070;\">Chrome Browser: <a style=\"color: #707070;\" href=\"https:\/\/support.google.com\/accounts\/answer\/61416?hl=de\"><span class=\"s1\"><b>https:\/\/support.google.com\/accounts\/answer\/61416?hl=de\u00a0<\/b><\/span><\/a><\/span><\/p>\n<p class=\"p3\" style=\"text-align: left;\"><span class=\"s2\" style=\"color: #707070;\">Internet Explorer: <a style=\"color: #707070;\" href=\"https:\/\/support.microsoft.com\/de-de\/help\/17442\/windows-internet-explorer-delete-manage-cookies\"><span class=\"s1\"><b>https:\/\/support.microsoft.com\/de-de\/help\/17442\/windows-internet-explorer-delete-manage-cookies<\/b><\/span><\/a><\/span><\/p>\n<p class=\"p3\" style=\"text-align: left;\"><span class=\"s2\" style=\"color: #707070;\">Mozilla Firefox: <a style=\"color: #707070;\" href=\"https:\/\/support.mozilla.org\/de\/kb\/cookies-erlauben-und-ablehnen\"><span class=\"s1\"><b>https:\/\/support.mozilla.org\/de\/kb\/cookies-erlauben-und-ablehnen\u00a0<\/b><\/span><\/a><\/span><\/p>\n<p class=\"p3\" style=\"text-align: left;\"><span class=\"s2\" style=\"color: #707070;\">Safari:<a style=\"color: #707070;\" href=\"https:\/\/support.apple.com\/de-de\/guide\/safari\/manage-cookies-and-website-data-sfri11471\/mac\"><span class=\"s1\"><b> https:\/\/support.apple.com\/de-de\/guide\/safari\/manage-cookies-and-website-data-sfri11471\/mac<\/b><\/span><\/a><\/span><\/p>\n<p class=\"p1\" style=\"text-align: left;\"><span style=\"color: #707070;\"><b>Dauer der Speicherung\u00a0<\/b><\/span><\/p>\n<p class=\"p1\" style=\"text-align: left;\"><span style=\"color: #707070;\">Nach vollst\u00e4ndiger Vertragsabwicklung werden die Daten zun\u00e4chst f\u00fcr die Dauer der Gew\u00e4hrleistungsfrist, danach unter Ber\u00fccksichtigung gesetzlicher, insbesondere steuer- und handelsrechtlicher Aufbewahrungsfristen gespeichert und dann nach Fristablauf gel\u00f6scht, sofern Sie der weitergehenden Verarbeitung und Nutzung nicht zugestimmt haben.<\/span><\/p>\n<p class=\"p1\" style=\"text-align: left;\"><span style=\"color: #707070;\"><b>Rechte der betroffenen Person\u00a0<\/b><\/span><\/p>\n<p class=\"p1\" style=\"text-align: left;\"><span style=\"color: #707070;\">Ihnen stehen bei Vorliegen der gesetzlichen Voraussetzungen folgende Rechte nach Art. 15 bis 20 DSGVO zu: Recht auf Auskunft, auf Berichtigung, auf L\u00f6schung, auf Einschr\u00e4nkung der Verarbeitung, auf Daten\u00fcbertragbarkeit.\u00a0Au\u00dferdem steht Ihnen nach Art. 21 (1) DSGVO ein Widerspruchsrecht gegen die Verarbeitungen zu, die auf Art. 6 (1) f DSGVO beruhen, sowie gegen die Verarbeitung zum Zwecke von Direktwerbung.<\/span><\/p>\n<p class=\"p1\" style=\"text-align: left;\"><span style=\"color: #707070;\">Kontaktieren Sie uns auf Wunsch. Die Kontaktdaten finden Sie in unserem Impressum.<\/span><\/p>\n<p class=\"p1\" style=\"text-align: left;\"><span style=\"color: #707070;\"><b>Beschwerderecht bei der Aufsichtsbeh\u00f6rde\u00a0<\/b><\/span><\/p>\n<p class=\"p1\" style=\"text-align: left;\"><span style=\"color: #707070;\">Sie haben gem\u00e4\u00df Art. 77 DSGVO das Recht, sich bei der Aufsichtsbeh\u00f6rde zu beschweren, wenn Sie der Ansicht sind, dass die Verarbeitung Ihrer personenbezogenen Daten nicht rechtm\u00e4\u00dfig erfolgt.<\/span><\/p>\n<p>[\/vc_column_text][vc_empty_space height=&#8220;92px&#8220;][\/vc_column][\/vc_row]<\/p>\n<\/div>","protected":false},"excerpt":{"rendered":"<p>[vc_row css=&#8220;.vc_custom_1573894513782{background-color: #f2efea !important;}&#8220;][vc_column][vc_empty_space height=&#8220;92px&#8220;][vc_column_text css=&#8220;&#8220;] Datenschutzerkl\u00e4rung\u00a0\u00a0 Soweit nachstehend keine anderen Angaben gemacht werden, ist die Bereitstellung Ihrer personenbezogenen Daten weder gesetzlich oder vertraglich vorgeschrieben, noch f\u00fcr einen Vertragsabschluss erforderlich. Sie sind zur Bereitstellung der Daten nicht verpflichtet. Eine Nichtbereitstellung hat keine Folgen. Dies gilt nur soweit bei den nachfolgenden Verarbeitungsvorg\u00e4ngen keine anderweitige Angabe gemacht &hellip;<\/p>\n","protected":false},"author":1,"featured_media":0,"parent":0,"menu_order":4,"comment_status":"closed","ping_status":"closed","template":"templates\/page-full.php","meta":{"footnotes":""},"class_list":["post-386","page","type-page","status-publish","hentry"],"post_mailing_queue_ids":[],"_links":{"self":[{"href":"https:\/\/roomsafari.de\/shop\/wp-json\/wp\/v2\/pages\/386","targetHints":{"allow":["GET"]}}],"collection":[{"href":"https:\/\/roomsafari.de\/shop\/wp-json\/wp\/v2\/pages"}],"about":[{"href":"https:\/\/roomsafari.de\/shop\/wp-json\/wp\/v2\/types\/page"}],"author":[{"embeddable":true,"href":"https:\/\/roomsafari.de\/shop\/wp-json\/wp\/v2\/users\/1"}],"replies":[{"embeddable":true,"href":"https:\/\/roomsafari.de\/shop\/wp-json\/wp\/v2\/comments?post=386"}],"version-history":[{"count":5,"href":"https:\/\/roomsafari.de\/shop\/wp-json\/wp\/v2\/pages\/386\/revisions"}],"predecessor-version":[{"id":20151,"href":"https:\/\/roomsafari.de\/shop\/wp-json\/wp\/v2\/pages\/386\/revisions\/20151"}],"wp:attachment":[{"href":"https:\/\/roomsafari.de\/shop\/wp-json\/wp\/v2\/media?parent=386"}],"curies":[{"name":"wp","href":"https:\/\/api.w.org\/{rel}","templated":true}]}}