{"id":459,"date":"2015-11-04T19:36:03","date_gmt":"2015-11-04T18:36:03","guid":{"rendered":"https:\/\/roomsafari.de\/test\/?page_id=459"},"modified":"2025-04-16T10:19:13","modified_gmt":"2025-04-16T08:19:13","slug":"philosophie-2","status":"publish","type":"page","link":"https:\/\/roomsafari.de\/shop\/philosophie-2\/","title":{"rendered":"Produktion I Philosophie I Design"},"content":{"rendered":"<div class=\"wpb-content-wrapper\"><p>[vc_row type=&#8220;full-nopad&#8220; full_height=&#8220;yes&#8220; full_width=&#8220;stretch_row_content_no_spaces&#8220; columns_placement=&#8220;bottom&#8220; font_color=&#8220;#ffffff&#8220; css=&#8220;.vc_custom_1603628595361{margin-top: -100px !important;background-image: url(https:\/\/roomsafari.de\/shop\/wp-content\/uploads\/2017\/12\/2.jpg?id=2107) !important;background-position: center !important;background-repeat: no-repeat !important;background-size: cover !important;}&#8220; background_style=&#8220;parallax&#8220;][vc_column css=&#8220;.vc_custom_1603628405447{padding-top: 500px !important;}&#8220;][vc_column_text css=&#8220;.vc_custom_1565953170743{margin-top: -100px !important;margin-bottom: 25px !important;}&#8220;]<\/p>\n<h1 style=\"text-align: center;\"><span style=\"color: #d4be85;\"><span style=\"font-size: 100%;\">Was uns wichtig ist<\/span><\/span><\/h1>\n<p>[\/vc_column_text][vc_column_text css=&#8220;.vc_custom_1744791492806{margin-right: 20px !important;margin-bottom: 15px !important;margin-left: 20px !important;}&#8220;]<\/p>\n<p style=\"text-align: center;\"><strong><span style=\"color: #808080;\">Bei jedem Design liegt uns am Herzen&#8230;<br \/>\nhat es \u00f6kologisch und \u00f6konomisch seine Berechtigung?<br \/>\nWas nicht bedeuten muss, da\u00df alles nur noch aus Jute und<br \/>\nRecyclingpapier hergestellt wird und der Spa\u00df\u00a0und die Sch\u00f6nheit<br \/>\nhinten \u00fcber fallen&#8230; aber es gibt ein paar Kriterien, die uns\u00a0wichtig sind&#8230;<\/span><\/strong><\/p>\n<p>[\/vc_column_text][\/vc_column][\/vc_row][vc_row type=&#8220;full-nopad&#8220; equal_height=&#8220;yes&#8220; full_width=&#8220;stretch_row_content_no_spaces&#8220; columns_placement=&#8220;stretch&#8220; background_style=&#8220;normal&#8220;][vc_column width=&#8220;1\/2&#8243; css=&#8220;.vc_custom_1572447424080{padding-top: 120px !important;padding-right: 70px !important;padding-bottom: 160px !important;padding-left: 70px !important;background-color: #f2efea !important;background-position: center !important;background-repeat: no-repeat !important;background-size: cover !important;}&#8220; el_class=&#8220;large-push-6&#8243;][vc_column_text css=&#8220;&#8220;]<\/p>\n<h1 style=\"text-align: center;\"><span style=\"color: #d4be85;\">Regionaler Materialeinkauf &amp; Herstellung<\/span><\/h1>\n<p>&nbsp;<\/p>\n<p class=\"p1\" style=\"text-align: center;\"><strong><span style=\"color: #808080;\">Das spart lange Wege und ist ein kleiner Beitrag zur St\u00e4rkung von Handel und Handwerk vor der Haust\u00fcr.<\/span><\/strong><\/p>\n<p>[\/vc_column_text][\/vc_column][vc_column width=&#8220;1\/2&#8243; css=&#8220;.vc_custom_1603628110268{background-image: url(https:\/\/roomsafari.de\/shop\/wp-content\/uploads\/2015\/10\/lucky-silber-rot-detail-Q.jpg?id=284) !important;background-position: center !important;background-repeat: no-repeat !important;background-size: cover !important;}&#8220;][vc_empty_space height=&#8220;498px&#8220;][\/vc_column][\/vc_row][vc_row type=&#8220;full-nopad&#8220; equal_height=&#8220;yes&#8220; full_width=&#8220;stretch_row_content_no_spaces&#8220; columns_placement=&#8220;stretch&#8220; background_style=&#8220;normal&#8220;][vc_column width=&#8220;1\/2&#8243; css=&#8220;.vc_custom_1603628698475{background-image: url(https:\/\/roomsafari.de\/shop\/wp-content\/uploads\/2016\/02\/shop-frames2.jpg?id=844) !important;background-position: center !important;background-repeat: no-repeat !important;background-size: cover !important;}&#8220;][vc_empty_space height=&#8220;600px&#8220;][\/vc_column][vc_column width=&#8220;1\/2&#8243; css=&#8220;.vc_custom_1572448212411{padding-top: 190px !important;padding-right: 70px !important;padding-bottom: 190px !important;padding-left: 70px !important;background-color: #f2efea !important;background-position: center !important;background-repeat: no-repeat !important;background-size: cover !important;}&#8220; el_class=&#8220;large-pull-6&#8243;][vc_column_text css=&#8220;&#8220;]<\/p>\n<h1 style=\"text-align: center;\"><span style=\"color: #d4be85;\">Materialsparender Einsatz<\/span><\/h1>\n<p>&nbsp;<\/p>\n<p style=\"text-align: center;\"><strong><span style=\"color: #808080;\">Soviel wie n\u00f6tig und so wenig wie m\u00f6glich Material. Meistens ist weniger n\u00f6tig als man denkt. Viel wichtiger f\u00fcr die Stabilit\u00e4t: Die richtige Konstruktion und die daf\u00fcr geeignete Materialwahl.<\/span><\/strong><\/p>\n<p>[\/vc_column_text][\/vc_column][\/vc_row][vc_row type=&#8220;full-nopad&#8220; equal_height=&#8220;yes&#8220; full_width=&#8220;stretch_row_content_no_spaces&#8220; columns_placement=&#8220;stretch&#8220; background_style=&#8220;normal&#8220;][vc_column width=&#8220;1\/2&#8243; css=&#8220;.vc_custom_1572443496097{padding-top: 120px !important;padding-right: 70px !important;padding-bottom: 290px !important;padding-left: 70px !important;background-color: #f2efea !important;background-position: center !important;background-repeat: no-repeat !important;background-size: cover !important;}&#8220;][vc_column_text css=&#8220;&#8220;]<\/p>\n<h1 style=\"text-align: center;\"><span style=\"color: #d4be85;\">Elegante Verbindungen<\/span><\/h1>\n<p>&nbsp;<\/p>\n<p style=\"text-align: center;\"><strong><span style=\"color: #808080;\">sind oft l\u00f6sbare Verbindungen. Wenn dann mal ein Teil verschlei\u00dft ist das Produkt noch nicht f\u00fcr die Tonne. Es l\u00e4sst sich meist ohne gro\u00dfen Aufwand reparieren.\u00a0<\/span><\/strong><\/p>\n<p>[\/vc_column_text][\/vc_column][vc_column width=&#8220;1\/2&#8243; css=&#8220;.vc_custom_1742654193780{background-image: url(https:\/\/roomsafari.de\/shop\/wp-content\/uploads\/2019\/02\/leanon-man-neu-2.jpg?id=7165) !important;background-position: center !important;background-repeat: no-repeat !important;background-size: cover !important;}&#8220;][vc_empty_space height=&#8220;498px&#8220;][\/vc_column][\/vc_row][vc_row type=&#8220;full-nopad&#8220; equal_height=&#8220;yes&#8220; full_width=&#8220;stretch_row_content_no_spaces&#8220; columns_placement=&#8220;stretch&#8220; background_style=&#8220;normal&#8220;][vc_column width=&#8220;1\/2&#8243; css=&#8220;.vc_custom_1603628903213{background-image: url(https:\/\/roomsafari.de\/shop\/wp-content\/uploads\/2016\/02\/shop-frames6.jpg?id=842) !important;background-position: center !important;background-repeat: no-repeat !important;background-size: cover !important;}&#8220; el_class=&#8220;large-push-6&#8243;][vc_empty_space height=&#8220;600px&#8220;][\/vc_column][vc_column width=&#8220;1\/2&#8243; css=&#8220;.vc_custom_1572442813470{padding-top: 190px !important;padding-right: 70px !important;padding-bottom: 190px !important;padding-left: 70px !important;background-color: #f2efea !important;}&#8220; el_class=&#8220;large-pull-6&#8243;][vc_column_text css=&#8220;&#8220;]<\/p>\n<h1 style=\"text-align: center;\"><span style=\"color: #d4be85;\">Transportfreundlichkeit<\/span><\/h1>\n<p>&nbsp;<\/p>\n<p style=\"text-align: center;\"><strong><span style=\"color: #808080;\">Wenn die Produkte auf die Reise gehen sollen sie sich m\u00f6glichst klein machen.\u00a0 Das spart nicht nur Zeit und Nerven, sondern vor allem auch Resourcen in Form von Treibstoff und Strom.<\/span><\/strong><\/p>\n<p>[\/vc_column_text][\/vc_column][\/vc_row][vc_row type=&#8220;full-nopad&#8220; equal_height=&#8220;yes&#8220; full_width=&#8220;stretch_row_content_no_spaces&#8220; columns_placement=&#8220;stretch&#8220; background_style=&#8220;normal&#8220;][vc_column width=&#8220;1\/2&#8243; css=&#8220;.vc_custom_1572443496097{padding-top: 120px !important;padding-right: 70px !important;padding-bottom: 290px !important;padding-left: 70px !important;background-color: #f2efea !important;background-position: center !important;background-repeat: no-repeat !important;background-size: cover !important;}&#8220;][vc_column_text css=&#8220;&#8220;]<\/p>\n<h1 style=\"text-align: center;\"><span style=\"color: #d4be85;\">Schnelle und einfache Montage<\/span><\/h1>\n<p>&nbsp;<\/p>\n<p style=\"text-align: center;\"><strong><span style=\"color: #808080;\">Transportfreundliche Produkte mit l\u00f6sbaren Verbindungen sind nicht selten Baus\u00e4tze. Beim Aufbau kommen da schnell mal Frustrationen auf. Daher konstruieren wir alles so, da\u00df die Montage ohne Einsatz des heimischen Werkzeugkoffers und ohne Maschinenbaustudium \u00fcber die B\u00fchne geht.<\/span><\/strong><\/p>\n<p>[\/vc_column_text][\/vc_column][vc_column width=&#8220;1\/2&#8243; css=&#8220;.vc_custom_1603629005619{background-image: url(https:\/\/roomsafari.de\/shop\/wp-content\/uploads\/2019\/01\/mf-w-detail3.jpg?id=5280) !important;}&#8220;][vc_empty_space height=&#8220;498px&#8220;][\/vc_column][\/vc_row][vc_row type=&#8220;full-nopad&#8220; equal_height=&#8220;yes&#8220; full_width=&#8220;stretch_row_content_no_spaces&#8220; columns_placement=&#8220;stretch&#8220; background_style=&#8220;normal&#8220;][vc_column width=&#8220;1\/2&#8243; css=&#8220;.vc_custom_1603629057365{background-image: url(https:\/\/roomsafari.de\/shop\/wp-content\/uploads\/2019\/01\/frames-weiss900-Q-Kopie.jpg?id=15348) !important;background-position: center !important;background-repeat: no-repeat !important;background-size: cover !important;}&#8220;][vc_empty_space height=&#8220;600px&#8220;][\/vc_column][vc_column width=&#8220;1\/2&#8243; css=&#8220;.vc_custom_1572445628325{padding-top: 190px !important;padding-right: 70px !important;padding-bottom: 290px !important;padding-left: 70px !important;background-color: #f2efea !important;}&#8220; el_class=&#8220;large-pull-6&#8243;][vc_column_text css=&#8220;&#8220;]<\/p>\n<h1 style=\"text-align: center;\"><span style=\"color: #d4be85;\">Langlebigkeit<\/span><\/h1>\n<p>&nbsp;<\/p>\n<p style=\"text-align: center;\"><strong><span style=\"color: #808080;\">Flexibilit\u00e4t und spielerische Ver\u00e4nderbarkeit werden selten mit Langlebigkeit in Verbindung gebracht. Doch Produkte, die sich unterschiedlichen und ver\u00e4nderten Bed\u00fcrfnissen anpassen begleiten uns oft l\u00e4nger durchs Leben. Daher verzichten wir auch formal auf Schnickschnack. Lieber ein bisschen einfacher, dann sieht man sich hoffentlich nicht so schnell satt daran.<\/span><\/strong><\/p>\n<p>[\/vc_column_text][\/vc_column][\/vc_row][vc_row type=&#8220;full-nopad&#8220; equal_height=&#8220;yes&#8220; full_width=&#8220;stretch_row_content_no_spaces&#8220; columns_placement=&#8220;stretch&#8220; background_style=&#8220;normal&#8220;][vc_column width=&#8220;1\/2&#8243; css=&#8220;.vc_custom_1572443496097{padding-top: 120px !important;padding-right: 70px !important;padding-bottom: 290px !important;padding-left: 70px !important;background-color: #f2efea !important;background-position: center !important;background-repeat: no-repeat !important;background-size: cover !important;}&#8220;][vc_column_text css=&#8220;&#8220;]<\/p>\n<p style=\"text-align: center;\"><span style=\"color: #808080;\"><span style=\"color: #d4be85;\"><strong>Konzept und Produkt-Design:<\/strong><\/span><br \/>\n<\/span><\/p>\n<p style=\"text-align: center;\"><span style=\"color: #808080;\">\u00a9 Christine Nogtev &amp; Chul Cheong \/ roomsafari<\/span><\/p>\n<p>&nbsp;<\/p>\n<p style=\"text-align: center;\"><span style=\"color: #808080;\"><span style=\"color: #d4be85;\"><strong>Grafik- und Web-Design:<\/strong><\/span><br \/>\n<\/span><\/p>\n<p style=\"text-align: center;\"><span style=\"color: #808080;\">\u00a9 Christine Nogtev\u00a0 \/ roomsafari<\/span><\/p>\n<p>&nbsp;<\/p>\n<p style=\"text-align: center;\"><span style=\"color: #d4be85;\"><strong>Fotocredits Produktbilder und Illustrationen:<\/strong><\/span><\/p>\n<p style=\"text-align: center;\"><span style=\"color: #808080;\">\u00a9 Christine Nogtev \/ roomsafari<\/span><\/p>\n<p>[\/vc_column_text][\/vc_column][vc_column width=&#8220;1\/2&#8243; css=&#8220;.vc_custom_1603629088529{background: #c3c6c0 url(https:\/\/roomsafari.de\/shop\/wp-content\/uploads\/2020\/01\/portrait-ganz-end2.jpg?id=13558) !important;background-position: center !important;background-repeat: no-repeat !important;background-size: cover !important;}&#8220;][vc_empty_space height=&#8220;498px&#8220;][\/vc_column][\/vc_row]<\/p>\n<\/div>","protected":false},"excerpt":{"rendered":"<p>[vc_row type=&#8220;full-nopad&#8220; full_height=&#8220;yes&#8220; full_width=&#8220;stretch_row_content_no_spaces&#8220; columns_placement=&#8220;bottom&#8220; font_color=&#8220;#ffffff&#8220; css=&#8220;.vc_custom_1603628595361{margin-top: -100px !important;background-image: url(https:\/\/roomsafari.de\/shop\/wp-content\/uploads\/2017\/12\/2.jpg?id=2107) !important;background-position: center !important;background-repeat: no-repeat !important;background-size: cover !important;}&#8220; background_style=&#8220;parallax&#8220;][vc_column css=&#8220;.vc_custom_1603628405447{padding-top: 500px !important;}&#8220;][vc_column_text css=&#8220;.vc_custom_1565953170743{margin-top: -100px !important;margin-bottom: 25px !important;}&#8220;] Was uns wichtig ist [\/vc_column_text][vc_column_text css=&#8220;.vc_custom_1744791492806{margin-right: 20px !important;margin-bottom: 15px !important;margin-left: 20px !important;}&#8220;] Bei jedem Design liegt uns am Herzen&#8230; hat es \u00f6kologisch und \u00f6konomisch seine Berechtigung? Was nicht bedeuten &hellip;<\/p>\n","protected":false},"author":1,"featured_media":0,"parent":0,"menu_order":7,"comment_status":"open","ping_status":"open","template":"templates\/page-full.php","meta":{"footnotes":""},"class_list":["post-459","page","type-page","status-publish","hentry"],"post_mailing_queue_ids":[],"_links":{"self":[{"href":"https:\/\/roomsafari.de\/shop\/wp-json\/wp\/v2\/pages\/459","targetHints":{"allow":["GET"]}}],"collection":[{"href":"https:\/\/roomsafari.de\/shop\/wp-json\/wp\/v2\/pages"}],"about":[{"href":"https:\/\/roomsafari.de\/shop\/wp-json\/wp\/v2\/types\/page"}],"author":[{"embeddable":true,"href":"https:\/\/roomsafari.de\/shop\/wp-json\/wp\/v2\/users\/1"}],"replies":[{"embeddable":true,"href":"https:\/\/roomsafari.de\/shop\/wp-json\/wp\/v2\/comments?post=459"}],"version-history":[{"count":15,"href":"https:\/\/roomsafari.de\/shop\/wp-json\/wp\/v2\/pages\/459\/revisions"}],"predecessor-version":[{"id":19848,"href":"https:\/\/roomsafari.de\/shop\/wp-json\/wp\/v2\/pages\/459\/revisions\/19848"}],"wp:attachment":[{"href":"https:\/\/roomsafari.de\/shop\/wp-json\/wp\/v2\/media?parent=459"}],"curies":[{"name":"wp","href":"https:\/\/api.w.org\/{rel}","templated":true}]}}