{"id":9,"date":"2015-07-16T11:56:14","date_gmt":"2015-07-16T09:56:14","guid":{"rendered":"https:\/\/roomsafari.de\/test\/?page_id=9"},"modified":"2026-02-11T08:58:53","modified_gmt":"2026-02-11T07:58:53","slug":"agb","status":"publish","type":"page","link":"https:\/\/roomsafari.de\/shop\/agb\/","title":{"rendered":"AGB I Widerrufsrecht"},"content":{"rendered":"<div class=\"wpb-content-wrapper\"><p>[vc_row type=&#8220;full-nopad&#8220; css=&#8220;.vc_custom_1572948543635{margin-right: -50px !important;margin-left: -50px !important;padding-right: 30px !important;padding-left: 30px !important;background-color: #f2efea !important;background-position: center !important;background-repeat: no-repeat !important;background-size: cover !important;}&#8220;][vc_column][vc_empty_space height=&#8220;52px&#8220;][vc_column_text css=&#8220;&#8220;]ALLGEMEINE GESCH\u00c4FTSBEDINGUNGEN<\/p>\n<p>Allgemeine Gesch\u00e4ftsbedingungen von roomsafari f\u00fcr Bestellungen auf diesem Online-Portal.<br \/>\nStand: 10. Februar 2026<\/p>\n<p>&nbsp;<\/p>\n<p>\u00a7 1 Geltungsbereich<\/p>\n<p>Diese AGB gelten f\u00fcr die gesamte Gesch\u00e4ftsbeziehung zwischen Ihnen und roomsafari.<\/p>\n<p>&nbsp;<\/p>\n<p>\u00a7 2 Vertragsschluss<\/p>\n<p>Die Online-Darstellung unseres Sortiments stellt kein bindendes Vertragsangebot dar. Ihre Bestellung ist ein an uns gerichtetes Angebot zum Abschluss eines Kaufvertrages. Wenn Sie eine Bestellung aufgeben, schicken wir Ihnen eine E-Mail, die den Eingang Ihrer Bestellung bei uns best\u00e4tigt. Die Best\u00e4tigung Ihrer Bestellung ist noch keine Annahme Ihres Angebotes, sondern soll Sie nur dar\u00fcber informieren, dass Ihre Bestellung bei uns eingegangen ist. Ein Kaufvertrag kommt erst zustande, wenn wir die bestellte Ware an Sie versenden oder Ihnen den Versand mit einer gesonderten E-Mail best\u00e4tigen. Der Kaufvertrag kommt mit roomsafari, Inhaberin Christine Nogtev,\u00a0Oberlandstr. 100A, D-12099 Berlin, Tel: 030-44308295, shop@roomsafari.de zustande.\u2028\u2028 Sie k\u00f6nnen Ihre Bestellung Online auf www.roomsafari.de \u00fcber die entsprechende Eingabemaske bei uns aufgeben.<\/p>\n<p>&nbsp;<\/p>\n<p>\u00a7 3 Widerrufsbelehrung \/ \u2028\u2028Widerrufsrecht<\/p>\n<p>Sie haben das Recht, binnen vierzehn Tagen ohne Angabe von Gr\u00fcnden diesen Vertrag zu widerrufen. Die Widerrufsfrist betr\u00e4gt vierzehn Tage ab dem Tag an dem Sie oder ein von Ihnen benannter Dritter, der nicht der Bef\u00f6rderer ist, die Waren in Besitz genommen haben bzw. hat. Um Ihr Widerrufsrecht auszu\u00fcben, m\u00fcssen Sie uns \u2014 roomsafari, Inhaberin Christine Nogtev, Oberlandstr. 100A, D-12099 Berlin, Tel: 030-44308295, shop@roomsafari.de \u2014 mittels einer eindeutigen Erkl\u00e4rung (z.B. eine E-Mail) \u00fcber Ihren Entschluss, diesen Vertrag zu widerrufen, informieren. Sie k\u00f6nnen daf\u00fcr das Muster-Widerrufsformular ganz unten auf dieser Seite verwenden, das jedoch nicht vorgeschrieben ist. Zur Wahrung der Widerrufsfrist reicht es aus, dass Sie die Mitteilung \u00fcber die Aus\u00fcbung des Widerrufsrechts vor Ablauf der Widerrufsfrist absenden.<\/p>\n<p>Folgen des Widerrufs<\/p>\n<p>Wenn Sie diesen Vertrag widerrufen, haben wir Ihnen alle Zahlungen, die wir von Ihnen erhalten haben, einschlie\u00dflich der Lieferkosten (mit Ausnahme von zus\u00e4tzlichen Kosten, die sich daraus ergeben, dass Sie eine andere Art der Lieferung als die von uns angebotene, g\u00fcnstigste Standardlieferung gew\u00e4hlt haben), unverz\u00fcglich und sp\u00e4testens binnen vierzehn Tagen ab dem Tag zur\u00fcckzuzahlen, an dem die Mitteilung \u00fcber Ihren Widerruf dieses Vertrags bei uns eingegangen ist. F\u00fcr diese R\u00fcckzahlung verwenden wir dasselbe Zahlungsmittel, das Sie bei der urspr\u00fcnglichen Transaktion eingesetzt haben, es sei denn, mit Ihnen wurde ausdr\u00fccklich etwas anderes vereinbart; in keinem Fall werden Ihnen wegen dieser R\u00fcckzahlung Entgelte berechnet. Wir k\u00f6nnen die R\u00fcckzahlung verweigern, bis wir die Waren wieder zur\u00fcckerhalten und kurzfristig auf Vollst\u00e4ndigkeit und M\u00e4ngelfreiheit gepr\u00fcft haben.<\/p>\n<p>Bei Lieferadressen in Deutschland senden wir Ihnen ein f\u00fcr Sie kostenfreies Retourenlabel zu. Bei Lieferadressen ausserhalb Deutschlands: Sie haben die Waren sp\u00e4testens binnen vierzehn Tagen ab dem Tag, an dem Sie uns \u00fcber den Widerruf dieses Vertrags unterrichten, an uns zur\u00fcckzusenden oder zu \u00fcbergeben. Die Frist ist gewahrt, wenn Sie die Waren vor Ablauf der Frist von vierzehn Tagen absenden. Sie tragen die unmittelbaren Kosten der R\u00fccksendung der Waren. Sie m\u00fcssen f\u00fcr einen etwaigen Wertverlust der Waren nur aufkommen, wenn dieser Wertverlust auf einen zur Pr\u00fcfung der Beschaffenheit, Eigenschaften und Funktionsweise der Waren nicht notwendigen Umgang mit ihnen zur\u00fcckzuf\u00fchren ist.\u2028\u2028Ende der Widerrufsbelehrung<\/p>\n<p>&nbsp;<\/p>\n<p>\u00a7 4 Zahlungsbedingungen<\/p>\n<p>Sie k\u00f6nnen zwischen einer Zahlung per PayPal, Debit- und Kreditkarte oder per Vorkasse w\u00e4hlen. Die Zahlung wird mit dem Abschluss des Vertrages f\u00e4llig.<\/p>\n<p>&nbsp;<\/p>\n<p>\u00a7 5 Preise und Lieferkosten<\/p>\n<p>Die im Rahmen der Artikelbeschreibung angegebenen Preise verstehen sich in Euro einschlie\u00dflich der jeweils g\u00fcltigen gesetzlichen Mehrwertsteuer (derzeit 19 %). Hinzu kommen, je nach Bestellwert, die nachfolgenden \u2013 jeweils zus\u00e4tzlich in der Artikel\u00fcbersicht und im Rahmen des Bestellvorgangs \u2013 angegebenen Kosten f\u00fcr Verpackung und Versand:\u2028\u2028F\u00fcr Verpackung und Versand innerhalb Deutschlands berechnen wir bis zu einem Bestellwert von 49,99 Euro Versandkosten von 6,00 Euro. Ab einem Bestellwert von 50,00 EURO ist die Lieferung versandkostenfrei. Bei Lieferungen ins Ausland berechnen wir f\u00fcr den Versand nach Belgien, Frankreich, Luxemburg, Niederlande, \u00d6sterreich, Italien pauschal 12,00 Euro und in die Schweiz pauschal 30,00 Euro.<\/p>\n<p>&nbsp;<\/p>\n<p>\u00a7 6 Gutscheine<\/p>\n<p>Gutscheinecodes k\u00f6nnen auf der Warenkorb-Seite eingel\u00f6st werden. Soweit nicht anders angegeben, sind Gutscheine nicht miteinander kombinierbar.<\/p>\n<p>Geschenkgutscheine sind ab Kauf und Bezahlung 3 Jahre g\u00fcltig und k\u00f6nnen mehrmals eingel\u00f6st werden, bis der Gesamtbetrag erreicht ist.<\/p>\n<p>&nbsp;<\/p>\n<p>\u00a7 7 M\u00e4ngelanspr\u00fcche und Haftung<\/p>\n<p>F\u00fcr Ihre Anspr\u00fcche bei etwaigen M\u00e4ngeln der gelieferten Ware und unsere Haftung gelten die gesetzlichen Regelungen. Sollten gelieferte Artikel offensichtliche Material- oder Herstellungsfehler aufweisen, wozu auch Transportsch\u00e4den z\u00e4hlen, so reklamieren Sie bitte solche Fehler sofort gegen\u00fcber uns. Die Vers\u00e4umung dieser R\u00fcge hat allerdings f\u00fcr Ihre gesetzlichen Anspr\u00fcche keine Konsequenzen. F\u00fcr alle w\u00e4hrend der gesetzlichen Gew\u00e4hrleistungsfrist von zwei Jahren auftretenden M\u00e4ngel der Kaufsache gelten nach Ihrer Wahl die gesetzlichen Anspr\u00fcche.\u2028\u2028Sonderanfertigungen aller Art, die wir auf Wunsch des Kunden produzieren, sind vom Umtauschrecht ausgeschlossen.<\/p>\n<p>&nbsp;<\/p>\n<p>\u00a7 8 Eigentumsvorbehalt<\/p>\n<p>Die Ware bleibt bis zur vollst\u00e4ndigen Bezahlung Eigentum von roomsafari.<\/p>\n<p>&nbsp;<\/p>\n<p>\u00a7 9 Datenschutz<\/p>\n<p>Wir erheben personenbezogene Daten nur im gesetzlich zul\u00e4ssigen Rahmen, insbesondere nach den geltenden Bestimmungen des Bundesdatenschutzgesetzes und des Telemediengesetzes. Die von Ihnen an uns \u00fcbermittelten personenbezogenen Daten werden nur zum Zwecke der Bestellabwicklung und der Kundenverwaltung genutzt. Es erfolgt keine Weitergabe personenbezogener Daten an Dritte.<\/p>\n<p>&nbsp;<\/p>\n<p>\u00a7 10 Schlussbestimmungen<\/p>\n<p>Es gilt das Recht der Bundesrepublik Deutschland. Die Bestimmungen des UN-Kaufrechts finden keine Anwendung. Ma\u00dfgebliche Sprache f\u00fcr den Vertragsschluss sowie das gesamte Vertragsverh\u00e4ltnis ist Deutsch.<\/p>\n<p>&nbsp;<\/p>\n<p>Disclaimer<\/p>\n<p>Sofern auf dieser Website Links zu Internetseiten Dritter (externe Links) enthalten sind, distanziert sich roomsafari ausdr\u00fccklich von deren Inhalten. Wenn Sie einem solchen Link folgen, verlassen Sie das Informationsangebot von\u00a0https:\/\/www.roomsafari.de. F\u00fcr den Inhalt der mittels externem Link zu erreichenden Websites sind ausschlie\u00dflich deren Betreiber\/Anbieter verantwortlich. Auch haften allein letztere f\u00fcr die Einhaltung datenschutzrechtlicher Bestimmungen bei Nutzung dieser Websites.\u2028\u2028\u2028Streitbeilegung\u2028\u2028Hiermit gehen wir unserer rechtlichen Verpflichtung nach, den Link zur Streitbeilegungsplattform der EU zu ver\u00f6ffentlichen:\u00a0<a href=\"http:\/\/ec.europa.eu\/consumers\/odr\/\" target=\"_blank\" rel=\"noopener noreferrer\">http:\/\/ec.europa.eu\/consumers\/odr\/<\/a>.<\/p>\n<p>&nbsp;<\/p>\n<p>&nbsp;<\/p>\n<p>**************************************************************************************<\/p>\n<p>Muster-Widerrufsformular<\/p>\n<p>(Wenn Sie den Vertrag widerrufen wollen, dann k\u00f6nnen Sie uns das per E-mail mitteilen<br \/>\noder dieses Formular ausf\u00fcllen und an uns per E-mail oder per Post zur\u00fcck senden.)<\/p>\n<p>An : roomsafari, Christine Nogtev,\u00a0Oberlandstr. 100A,\u00a0D-12099 Berlin, E-Mail shop@roomsafari.de<\/p>\n<p>Hiermit widerrufe(n) ich\/wir (*) den von mir\/uns (*) abgeschlossenen Vertrag<\/p>\n<p>mit der Bestellnummer __________________<\/p>\n<p>\u00fcber den Kauf der folgenden Waren _____________________________________________________<\/p>\n<p>_______________________________________________________________________________________<\/p>\n<p>Bestellt am __________________<\/p>\n<p>Erhalten am __________________<\/p>\n<p>Name des\/der Verbraucher(s)____________________________________________________________<\/p>\n<p>Anschrift des\/der Verbraucher(s) ______________________________________________________<\/p>\n<p>&nbsp;<\/p>\n<p>Unterschrift des\/der Verbraucher(s) (nur bei Mitteilung auf Papier)____________________<\/p>\n<p>Datum _________________________<\/p>\n<p>(*) Unzutreffendes streichen<\/p>\n<p>&nbsp;<\/p>\n<p>****************************************************************************************[\/vc_column_text][vc_empty_space height=&#8220;52px&#8220;][\/vc_column][\/vc_row]<\/p>\n<\/div>","protected":false},"excerpt":{"rendered":"<p>[vc_row type=&#8220;full-nopad&#8220; css=&#8220;.vc_custom_1572948543635{margin-right: -50px !important;margin-left: -50px !important;padding-right: 30px !important;padding-left: 30px !important;background-color: #f2efea !important;background-position: center !important;background-repeat: no-repeat !important;background-size: cover !important;}&#8220;][vc_column][vc_empty_space height=&#8220;52px&#8220;][vc_column_text css=&#8220;&#8220;]ALLGEMEINE GESCH\u00c4FTSBEDINGUNGEN Allgemeine Gesch\u00e4ftsbedingungen von roomsafari f\u00fcr Bestellungen auf diesem Online-Portal. Stand: 10. Februar 2026 &nbsp; \u00a7 1 Geltungsbereich Diese AGB gelten f\u00fcr die gesamte Gesch\u00e4ftsbeziehung zwischen Ihnen und roomsafari. &nbsp; \u00a7 2 Vertragsschluss Die &hellip;<\/p>\n","protected":false},"author":1,"featured_media":0,"parent":0,"menu_order":8,"comment_status":"closed","ping_status":"closed","template":"","meta":{"footnotes":""},"class_list":["post-9","page","type-page","status-publish","hentry"],"post_mailing_queue_ids":[],"_links":{"self":[{"href":"https:\/\/roomsafari.de\/shop\/wp-json\/wp\/v2\/pages\/9","targetHints":{"allow":["GET"]}}],"collection":[{"href":"https:\/\/roomsafari.de\/shop\/wp-json\/wp\/v2\/pages"}],"about":[{"href":"https:\/\/roomsafari.de\/shop\/wp-json\/wp\/v2\/types\/page"}],"author":[{"embeddable":true,"href":"https:\/\/roomsafari.de\/shop\/wp-json\/wp\/v2\/users\/1"}],"replies":[{"embeddable":true,"href":"https:\/\/roomsafari.de\/shop\/wp-json\/wp\/v2\/comments?post=9"}],"version-history":[{"count":17,"href":"https:\/\/roomsafari.de\/shop\/wp-json\/wp\/v2\/pages\/9\/revisions"}],"predecessor-version":[{"id":20571,"href":"https:\/\/roomsafari.de\/shop\/wp-json\/wp\/v2\/pages\/9\/revisions\/20571"}],"wp:attachment":[{"href":"https:\/\/roomsafari.de\/shop\/wp-json\/wp\/v2\/media?parent=9"}],"curies":[{"name":"wp","href":"https:\/\/api.w.org\/{rel}","templated":true}]}}