{"id":11790,"date":"2019-12-10T09:45:37","date_gmt":"2019-12-10T08:45:37","guid":{"rendered":"https:\/\/roomsafari.de\/neuneu\/?post_type=product&#038;p=11790"},"modified":"2026-02-04T04:52:04","modified_gmt":"2026-02-04T03:52:04","slug":"triangle-buegel","status":"publish","type":"product","link":"https:\/\/roomsafari.de\/shop\/produkt\/triangle-buegel\/","title":{"rendered":"Formsch\u00f6ner und musikalischer Kleiderb\u00fcgel: TRIANGLE"},"content":{"rendered":"<div class=\"wpb-content-wrapper\"><p>[vc_row][vc_column][\/vc_column][\/vc_row][vc_row][vc_column width=&#8220;1\/2&#8243;][vc_empty_space][vc_column_text]<\/p>\n<p class=\"p1\"><em>Ausgezeichnet mit dem Designpreis <strong>#Form 2009<\/strong><\/em><\/p>\n<p>Material: Metall handgebogen in Berlin, pulverbeschichtet in schwarz oder wei\u00df, Feinstruktur matt<\/p>\n<p>Ma\u00dfe: \u00f8 1 x 44 x 23 cm, \u00d6ffnung 4cm[\/vc_column_text][\/vc_column][vc_column width=&#8220;1\/2&#8243;][vc_single_image image=&#8220;6984&#8243; img_size=&#8220;medium&#8220; alignment=&#8220;center&#8220;][\/vc_column][\/vc_row]<\/p>\n<\/div>","protected":false},"excerpt":{"rendered":"<p class=\"p1\" style=\"text-align: justify;\">Das Original, seit 2001 bei uns in der Kollektion. Ganz offensichtlich stand bei der Gestaltung dieses Kleiderb\u00fcgels ein traditionelles Musikinstrument Pate und so entstand&#8230; Triangle: Ein musikalischer, funktionaler und formsch\u00f6ner Begleiter f\u00fcr jede Garderobe.<\/p>\n<p><em>5 B\u00fcgel gibt es als Set mit einem Rabatt von 8%.<\/em><\/p>\n<p>&nbsp;<\/p>\n","protected":false},"featured_media":2230,"template":"","meta":[],"product_brand":[],"product_cat":[55],"product_tag":[],"class_list":{"0":"post-11790","1":"product","2":"type-product","3":"status-publish","4":"has-post-thumbnail","6":"product_cat-b","8":"first","9":"instock","10":"featured","11":"taxable","12":"shipping-taxable","13":"purchasable","14":"product-type-variable"},"post_mailing_queue_ids":[],"_links":{"self":[{"href":"https:\/\/roomsafari.de\/shop\/wp-json\/wp\/v2\/product\/11790","targetHints":{"allow":["GET"]}}],"collection":[{"href":"https:\/\/roomsafari.de\/shop\/wp-json\/wp\/v2\/product"}],"about":[{"href":"https:\/\/roomsafari.de\/shop\/wp-json\/wp\/v2\/types\/product"}],"wp:featuredmedia":[{"embeddable":true,"href":"https:\/\/roomsafari.de\/shop\/wp-json\/wp\/v2\/media\/2230"}],"wp:attachment":[{"href":"https:\/\/roomsafari.de\/shop\/wp-json\/wp\/v2\/media?parent=11790"}],"wp:term":[{"taxonomy":"product_brand","embeddable":true,"href":"https:\/\/roomsafari.de\/shop\/wp-json\/wp\/v2\/product_brand?post=11790"},{"taxonomy":"product_cat","embeddable":true,"href":"https:\/\/roomsafari.de\/shop\/wp-json\/wp\/v2\/product_cat?post=11790"},{"taxonomy":"product_tag","embeddable":true,"href":"https:\/\/roomsafari.de\/shop\/wp-json\/wp\/v2\/product_tag?post=11790"}],"curies":[{"name":"wp","href":"https:\/\/api.w.org\/{rel}","templated":true}]}}