{"id":11795,"date":"2019-12-10T09:55:44","date_gmt":"2019-12-10T08:55:44","guid":{"rendered":"https:\/\/roomsafari.de\/neuneu\/?post_type=product&#038;p=11795"},"modified":"2026-02-04T19:15:55","modified_gmt":"2026-02-04T18:15:55","slug":"cc-haken-2","status":"publish","type":"product","link":"https:\/\/roomsafari.de\/shop\/produkt\/cc-haken-2\/","title":{"rendered":"Kleiderhaken und Aufbewahrung f\u00fcr vieles mehr: C+C"},"content":{"rendered":"<div class=\"wpb-content-wrapper\"><p class=\"p1\" style=\"text-align: justify;\"><span class=\"s1\">[vc_row][vc_column][vc_column_text]<\/span><\/p>\n<p class=\"p1\" style=\"text-align: justify;\"><span class=\"s1\">Ein sch\u00f6ner, robuster Haken f\u00fcr alles M\u00f6gliche und\u00a0<\/span>viele Gelegenheiten.<\/p>\n<p class=\"p1\" style=\"text-align: justify;\">Ausgezeichnet mit dem Designpreis<em> <strong>#Form 2011<\/strong><\/em><\/p>\n<p>Ma\u00dfe: \u00f8 1 x 14 x 5 cm, \u00d6ffnung 4 cm<\/p>\n<p>Material: Metall handgebogen in Berlin und pulverbeschichtet in schwarz oder wei\u00df, Feinstruktur matt<\/p>\n<p>[\/vc_column_text][\/vc_column][\/vc_row]<\/p>\n<\/div>","protected":false},"excerpt":{"rendered":"<p class=\"p1\" style=\"text-align: justify;\"><span class=\"s1\">Einzeln aufh\u00e4ngen, andocken oder <\/span>verketten&#8230; ob als Kleiderhaken oder Haken f\u00fcr andere Accessoires, Tassen, K\u00fcchenger\u00e4te, B\u00fcroartikel, Handt\u00fccher&#8230; im Flur, B\u00fcro, Bad, in der K\u00fcche oder im Garten.<\/p>\n<p><em><span class=\"s1\">8 Haken gibt es als Set mit einem Rabatt von 8%.<\/span><\/em><\/p>\n","protected":false},"featured_media":15493,"template":"","meta":[],"product_brand":[],"product_cat":[55],"product_tag":[],"class_list":{"0":"post-11795","1":"product","2":"type-product","3":"status-publish","4":"has-post-thumbnail","6":"product_cat-b","8":"first","9":"instock","10":"taxable","11":"shipping-taxable","12":"purchasable","13":"product-type-variable"},"post_mailing_queue_ids":[],"_links":{"self":[{"href":"https:\/\/roomsafari.de\/shop\/wp-json\/wp\/v2\/product\/11795","targetHints":{"allow":["GET"]}}],"collection":[{"href":"https:\/\/roomsafari.de\/shop\/wp-json\/wp\/v2\/product"}],"about":[{"href":"https:\/\/roomsafari.de\/shop\/wp-json\/wp\/v2\/types\/product"}],"wp:featuredmedia":[{"embeddable":true,"href":"https:\/\/roomsafari.de\/shop\/wp-json\/wp\/v2\/media\/15493"}],"wp:attachment":[{"href":"https:\/\/roomsafari.de\/shop\/wp-json\/wp\/v2\/media?parent=11795"}],"wp:term":[{"taxonomy":"product_brand","embeddable":true,"href":"https:\/\/roomsafari.de\/shop\/wp-json\/wp\/v2\/product_brand?post=11795"},{"taxonomy":"product_cat","embeddable":true,"href":"https:\/\/roomsafari.de\/shop\/wp-json\/wp\/v2\/product_cat?post=11795"},{"taxonomy":"product_tag","embeddable":true,"href":"https:\/\/roomsafari.de\/shop\/wp-json\/wp\/v2\/product_tag?post=11795"}],"curies":[{"name":"wp","href":"https:\/\/api.w.org\/{rel}","templated":true}]}}