{"id":1363,"date":"2019-01-02T07:06:47","date_gmt":"2019-01-02T06:06:47","guid":{"rendered":"https:\/\/roomsafari.de\/test\/?product=little-leanon-ii-%e2%80%a2-stummer-diener-zum-anlehnen-2"},"modified":"2026-02-04T04:51:08","modified_gmt":"2026-02-04T03:51:08","slug":"little-leanon-ii-%e2%80%a2-stummer-diener-zum-anlehnen-2","status":"publish","type":"product","link":"https:\/\/roomsafari.de\/shop\/produkt\/little-leanon-ii-%e2%80%a2-stummer-diener-zum-anlehnen-2\/","title":{"rendered":"Garderobenst\u00e4nder niedrig, zum stabilen Anlehnen: LITTLE LEANON II"},"content":{"rendered":"<div class=\"wpb-content-wrapper\"><p>[vc_row][vc_column][vc_column_text]<\/p>\n<p class=\"p1\" style=\"text-align: justify;\">[\/vc_column_text][\/vc_column][\/vc_row][vc_row][vc_column][vc_column_text]<\/p>\n<p class=\"p1\" style=\"text-align: justify;\">Kleine Helfer f\u00fcr Flur, Schlafzimmer, K\u00fcche und Bad: Das Design passend und erg\u00e4nzend zu unserer Leanon II Anlehngarderobe \u2013 wie diese ohne l\u00e4stiges L\u00f6cherbohren in die Wand aber noch platzsparender in der Raumtiefe und H\u00f6he und so vielseitig einsetzbar als stummer Diener, Accessoire- oder Handtuchhalter.<\/p>\n<p>Ma\u00dfe: Breite 60cm oder 100cm, H\u00f6he 100cm, Holzstange \u00f8 3 cm, Tiefe oben 30 cm, Tiefe unten mind. 45 cm<\/p>\n<p>Material: Holzstange massiv aus Nu\u00dfbaum oder Eiche, Metall pulverbeschichtet in schwarz oder wei\u00df<\/p>\n<p>Transportma\u00df \/ Gewicht: 100 x 9 x 9 cm \/ 2,5 kg[\/vc_column_text][vc_empty_space][\/vc_column][\/vc_row][vc_row][vc_column][vc_empty_space height=&#8220;132px&#8220;][\/vc_column][\/vc_row]<\/p>\n<\/div>","protected":false},"excerpt":{"rendered":"<p class=\"p1\" style=\"text-align: justify;\"><span class=\"s1\">Ein platzsparender Garderobenst\u00e4nder und Stummer Diener mit einem eleganten und filigranen Garderoben Design, mobil und anlehnungsbed\u00fcrftig, ob als Flurgarderobe oder Kleiderst\u00e4nder im Schlafzimmer. Je mehr dran h\u00e4ngt, desto stabiler dr\u00fcckt es sich an Wand und Boden fest. <\/span>Kleine Helfer im Flur, Schlafzimmer, K\u00fcche, Bad.<\/p>\n","protected":false},"featured_media":18407,"template":"","meta":[],"product_brand":[],"product_cat":[27],"product_tag":[],"class_list":{"0":"post-1363","1":"product","2":"type-product","3":"status-publish","4":"has-post-thumbnail","6":"product_cat-a","8":"first","9":"instock","10":"taxable","11":"shipping-taxable","12":"purchasable","13":"product-type-variable"},"post_mailing_queue_ids":[],"_links":{"self":[{"href":"https:\/\/roomsafari.de\/shop\/wp-json\/wp\/v2\/product\/1363","targetHints":{"allow":["GET"]}}],"collection":[{"href":"https:\/\/roomsafari.de\/shop\/wp-json\/wp\/v2\/product"}],"about":[{"href":"https:\/\/roomsafari.de\/shop\/wp-json\/wp\/v2\/types\/product"}],"wp:featuredmedia":[{"embeddable":true,"href":"https:\/\/roomsafari.de\/shop\/wp-json\/wp\/v2\/media\/18407"}],"wp:attachment":[{"href":"https:\/\/roomsafari.de\/shop\/wp-json\/wp\/v2\/media?parent=1363"}],"wp:term":[{"taxonomy":"product_brand","embeddable":true,"href":"https:\/\/roomsafari.de\/shop\/wp-json\/wp\/v2\/product_brand?post=1363"},{"taxonomy":"product_cat","embeddable":true,"href":"https:\/\/roomsafari.de\/shop\/wp-json\/wp\/v2\/product_cat?post=1363"},{"taxonomy":"product_tag","embeddable":true,"href":"https:\/\/roomsafari.de\/shop\/wp-json\/wp\/v2\/product_tag?post=1363"}],"curies":[{"name":"wp","href":"https:\/\/api.w.org\/{rel}","templated":true}]}}