{"id":3042,"date":"2019-01-08T03:38:23","date_gmt":"2019-01-08T02:38:23","guid":{"rendered":"https:\/\/roomsafari.de\/test\/?post_type=product&#038;p=3042"},"modified":"2026-02-04T04:54:37","modified_gmt":"2026-02-04T03:54:37","slug":"mf-leano-garderobe-zum-anlehnen","status":"publish","type":"product","link":"https:\/\/roomsafari.de\/shop\/produkt\/mf-leano-garderobe-zum-anlehnen\/","title":{"rendered":"Wandgarderobe hoch, zum stabilen Anlehnen: MF LEANO"},"content":{"rendered":"<div class=\"wpb-content-wrapper\"><p>[vc_row][vc_column width=&#8220;1\/2&#8243;][vc_empty_space height=&#8220;132px&#8220;][vc_column_text]<\/p>\n<p class=\"p1\" style=\"text-align: justify;\"><span class=\"s1\">Die stabile\u00a0<\/span>Rahmenkonstruktion unterst\u00fctzt den puristisch-skulpturalen Charakter. Ohne zus\u00e4tzliche Befestigung, nur schr\u00e4g an die Wand gelehnt rahmt das gro\u00dfe Viereck wie ein Bilderrahmen alles ein, was dahinter steht oder reingeh\u00e4ngt wird und setzt es so in Szene. Je mehr die Garderobe belastet wird, desto stabiler dr\u00fcckt sie sich an Wand und Boden fest.<\/p>\n<p>Nat\u00fcrlich passen alle Standard-Kleiderb\u00fcgel an die Garderobe. Die Garderobe ist \u00fcber die Stange verteilt bis ca. 30 kg belastbar. Zur Orientierung: 1 Wintermantel hat im Durchschnitt 1,5 kg.<\/p>\n<p>Abmessungen, 2 Breiten: 60cm oder 100cm, H\u00f6he: 170cm, Tiefe oben: 30cm, Tiefe unten mind. 45cm<br \/>\nMaterial: Metall schwarz oder wei\u00df pulverbeschichtet, Feinstruktur matt<\/p>\n<p>Paketma\u00df \/ Gewicht: 172 x 9 x 9cm \/ 5,4kg oder 6kg[\/vc_column_text][\/vc_column][vc_column width=&#8220;1\/2&#8243;][vc_single_image image=&#8220;10357&#8243; img_size=&#8220;large&#8220;][\/vc_column][\/vc_row][vc_row][vc_column][vc_empty_space][\/vc_column][\/vc_row][vc_row][vc_column width=&#8220;1\/2&#8243;][vc_single_image image=&#8220;10354&#8243; img_size=&#8220;large&#8220;][\/vc_column][vc_column width=&#8220;1\/2&#8243;][vc_empty_space height=&#8220;72px&#8220;][vc_column_text][\/vc_column_text][\/vc_column][\/vc_row][vc_row][vc_column][vc_empty_space height=&#8220;62px&#8220;][\/vc_column][\/vc_row]<\/p>\n<\/div>","protected":false},"excerpt":{"rendered":"<p>Eine puristische und praktische Wandgarderobe, einfach zum Anlehnen, ohne l\u00e4stiges L\u00f6cherbohren in die Wand.<\/p>\n<p><span class=\"s1\">Das Anlehngarderoben-Design Leano aus unserer Modular Frames Familie ist in ihrer formalen Reduktion bereits jetzt schon ein Klassiker. Ein platzsparendes Flachpack zur Pr\u00e4sentation von Kleidung, als Garderobe im B\u00fcro, als Flurgarderobe oder Kleiderst\u00e4nder im Schlafzimmer.<\/span><\/p>\n","protected":false},"featured_media":19901,"template":"","meta":[],"product_brand":[],"product_cat":[55],"product_tag":[],"class_list":{"0":"post-3042","1":"product","2":"type-product","3":"status-publish","4":"has-post-thumbnail","6":"product_cat-b","8":"first","9":"instock","10":"featured","11":"taxable","12":"shipping-taxable","13":"purchasable","14":"product-type-variable"},"post_mailing_queue_ids":[],"_links":{"self":[{"href":"https:\/\/roomsafari.de\/shop\/wp-json\/wp\/v2\/product\/3042","targetHints":{"allow":["GET"]}}],"collection":[{"href":"https:\/\/roomsafari.de\/shop\/wp-json\/wp\/v2\/product"}],"about":[{"href":"https:\/\/roomsafari.de\/shop\/wp-json\/wp\/v2\/types\/product"}],"wp:featuredmedia":[{"embeddable":true,"href":"https:\/\/roomsafari.de\/shop\/wp-json\/wp\/v2\/media\/19901"}],"wp:attachment":[{"href":"https:\/\/roomsafari.de\/shop\/wp-json\/wp\/v2\/media?parent=3042"}],"wp:term":[{"taxonomy":"product_brand","embeddable":true,"href":"https:\/\/roomsafari.de\/shop\/wp-json\/wp\/v2\/product_brand?post=3042"},{"taxonomy":"product_cat","embeddable":true,"href":"https:\/\/roomsafari.de\/shop\/wp-json\/wp\/v2\/product_cat?post=3042"},{"taxonomy":"product_tag","embeddable":true,"href":"https:\/\/roomsafari.de\/shop\/wp-json\/wp\/v2\/product_tag?post=3042"}],"curies":[{"name":"wp","href":"https:\/\/api.w.org\/{rel}","templated":true}]}}