{"id":837,"date":"2019-01-08T01:07:54","date_gmt":"2019-01-08T00:07:54","guid":{"rendered":"https:\/\/roomsafari.de\/test\/?product=vorschau-modular-frames-%e2%80%a2-freistehende-garderobe"},"modified":"2026-02-20T07:39:09","modified_gmt":"2026-02-20T06:39:09","slug":"modular-frames-freistehende-garderobe","status":"publish","type":"product","link":"https:\/\/roomsafari.de\/shop\/produkt\/modular-frames-freistehende-garderobe\/","title":{"rendered":"Freistehende Standgarderobe: MODULAR FRAMES L"},"content":{"rendered":"<div class=\"wpb-content-wrapper\"><p>[vc_row][vc_column width=&#8220;1\/2&#8243;][vc_empty_space][vc_column_text]<\/p>\n<h6 class=\"rot\" style=\"text-align: justify;\"><span style=\"color: #808080;\"><span class=\"s1\">Das freistehende Garderoben-Design unseres M\u00f6belsystems Modular Frames ist jetzt schon ein Klassiker.<\/span><\/span><\/h6>\n<p>[\/vc_column_text][vc_empty_space][vc_column_text]<\/p>\n<h6 class=\"rot\" style=\"text-align: justify;\"><span style=\"color: #808080;\"><span class=\"s1\">Die stabile Rahmenkonstruktion unterst\u00fctzt den puristisch-skulpturalen Charakter. Wie ein Bilderrahmen setzen die gro\u00dfen Vierecke visuell alles in Szene, was reingeh\u00e4ngt wird oder dahinter steht.\u00a0<\/span><\/span><\/h6>\n<p>[\/vc_column_text][vc_empty_space][vc_column_text]<\/p>\n<h6 class=\"rot\" style=\"text-align: justify;\"><span style=\"color: #808080;\"><span class=\"s1\">Die filigran wirkende Garderobe ist robust, flexibel einsetzbar und bietet viel Raum f\u00fcr Kleidung und Accessoires. Nat\u00fcrlich passen alle Standard-Kleiderb\u00fcgel an die Garderobe. <\/span><\/span><span style=\"color: #808080;\"><span class=\"s1\">Die Standgarderobe ist \u00fcber die Stange verteilt bis 35 kg belastbar. Zur Orientierung: 1 Wintermantel hat im Durchschnitt 1,5 kg.<\/span><\/span><\/h6>\n<p>[\/vc_column_text][vc_empty_space][vc_column_text]<\/p>\n<h6 class=\"rot\" style=\"text-align: justify;\"><span style=\"color: #808080;\"><span class=\"s1\">Abmessungen: Breite 100cm, Tiefe 60cm, H\u00f6he: 170cm<\/span><\/span><\/h6>\n<p><span style=\"color: #808080;\"><span class=\"s1\">Farben: schwarz oder wei\u00df pulverbeschichtet, Feinstruktur matt<\/span><\/span><\/p>\n<p>Transportma\u00df \/ Gewicht: 172 x 9 x 9cm \/ 8kg[\/vc_column_text][vc_empty_space][vc_column_text][\/vc_column_text][\/vc_column][vc_column width=&#8220;1\/2&#8243;][vc_single_image image=&#8220;10351&#8243; img_size=&#8220;large&#8220;][\/vc_column][\/vc_row]<\/p>\n<\/div>","protected":false},"excerpt":{"rendered":"<p>Puristisch-skulpturales Design. Wie bei Bilderrahmen setzen die beiden gro\u00dfen Vierecke unserer freistehenden Standgarderobe alles in Szene was reingeh\u00e4ngt wird oder dahinter steht. Sie kommt als platzsparendes Flachpack an, das in wenigen Minuten montiert ist. Modular Frames ist robust und flexibel einsetzbar.<\/p>\n","protected":false},"featured_media":1782,"template":"","meta":[],"product_brand":[],"product_cat":[55],"product_tag":[],"class_list":{"0":"post-837","1":"product","2":"type-product","3":"status-publish","4":"has-post-thumbnail","6":"product_cat-b","8":"first","9":"instock","10":"featured","11":"taxable","12":"shipping-taxable","13":"purchasable","14":"product-type-variable"},"post_mailing_queue_ids":[],"_links":{"self":[{"href":"https:\/\/roomsafari.de\/shop\/wp-json\/wp\/v2\/product\/837","targetHints":{"allow":["GET"]}}],"collection":[{"href":"https:\/\/roomsafari.de\/shop\/wp-json\/wp\/v2\/product"}],"about":[{"href":"https:\/\/roomsafari.de\/shop\/wp-json\/wp\/v2\/types\/product"}],"wp:featuredmedia":[{"embeddable":true,"href":"https:\/\/roomsafari.de\/shop\/wp-json\/wp\/v2\/media\/1782"}],"wp:attachment":[{"href":"https:\/\/roomsafari.de\/shop\/wp-json\/wp\/v2\/media?parent=837"}],"wp:term":[{"taxonomy":"product_brand","embeddable":true,"href":"https:\/\/roomsafari.de\/shop\/wp-json\/wp\/v2\/product_brand?post=837"},{"taxonomy":"product_cat","embeddable":true,"href":"https:\/\/roomsafari.de\/shop\/wp-json\/wp\/v2\/product_cat?post=837"},{"taxonomy":"product_tag","embeddable":true,"href":"https:\/\/roomsafari.de\/shop\/wp-json\/wp\/v2\/product_tag?post=837"}],"curies":[{"name":"wp","href":"https:\/\/api.w.org\/{rel}","templated":true}]}}